{"id":2175,"date":"2024-11-02T13:52:35","date_gmt":"2024-11-02T13:52:35","guid":{"rendered":"https:\/\/hurghadavylety.com\/?page_id=2175"},"modified":"2024-11-03T06:07:56","modified_gmt":"2024-11-03T06:07:56","slug":"instagram","status":"publish","type":"page","link":"https:\/\/hurghadavylety.com\/cs\/instagram\/","title":{"rendered":"Instagram"},"content":{"rendered":"<div data-elementor-type=\"wp-page\" data-elementor-id=\"2175\" class=\"elementor elementor-2175\" data-elementor-post-type=\"page\">\n\t\t\t\t<div class=\"elementor-element elementor-element-97d6f94 e-flex e-con-boxed e-con e-parent\" data-id=\"97d6f94\" data-element_type=\"container\" data-e-type=\"container\">\n\t\t\t\t\t<div class=\"e-con-inner\">\n\t\t\t\t<div class=\"elementor-element elementor-element-986fca8 elementor-headline--style-highlight elementor-widget elementor-widget-animated-headline\" data-id=\"986fca8\" data-element_type=\"widget\" data-e-type=\"widget\" data-settings=\"{&quot;highlighted_text&quot;:&quot; language&quot;,&quot;headline_style&quot;:&quot;highlight&quot;,&quot;marker&quot;:&quot;circle&quot;,&quot;loop&quot;:&quot;yes&quot;,&quot;highlight_animation_duration&quot;:1200,&quot;highlight_iteration_delay&quot;:8000}\" data-widget_type=\"animated-headline.default\">\n\t\t\t\t<div class=\"elementor-widget-container\">\n\t\t\t\t\t\t\t<h3 class=\"elementor-headline\">\n\t\t\t\t\t<span class=\"elementor-headline-plain-text elementor-headline-text-wrapper\">vyberte si sv\u016fj obl\u00edben\u00fd <\/span>\n\t\t\t\t<span class=\"elementor-headline-dynamic-wrapper elementor-headline-text-wrapper\">\n\t\t\t\t\t<span class=\"elementor-headline-dynamic-text elementor-headline-text-active\"> jazyk<\/span>\n\t\t\t\t<\/span>\n\t\t\t\t\t<span class=\"elementor-headline-plain-text elementor-headline-text-wrapper\">pro zobrazen\u00ed na\u0161eho profilu na Instagramu<\/span>\n\t\t\t\t\t<\/h3>\n\t\t\t\t\t\t<\/div>\n\t\t\t\t<\/div>\n\t\t\t\t\t<\/div>\n\t\t\t\t<\/div>\n\t\t<div class=\"elementor-element elementor-element-8e0f079 e-grid e-con-boxed e-con e-parent\" data-id=\"8e0f079\" data-element_type=\"container\" data-e-type=\"container\">\n\t\t\t\t\t<div class=\"e-con-inner\">\n\t\t\t\t<div class=\"elementor-element elementor-element-9456901 elementor-widget elementor-widget-link-in-bio-var-7\" data-id=\"9456901\" data-element_type=\"widget\" data-e-type=\"widget\" data-widget_type=\"link-in-bio-var-7.default\">\n\t\t\t\t<div class=\"elementor-widget-container\">\n\t\t\t\t\t\t\t<div class=\"e-link-in-bio e-link-in-bio-var-7\">\n\t\t\t<div class=\"e-link-in-bio__content\">\n\n\t\t\t\t\t\t<div class=\"e-link-in-bio__identity\">\n\t\t\t\t\t\t\t\t\t<div class=\"e-link-in-bio__identity-image e-link-in-bio__identity-image-cover\">\n\t\t\t\t\t\t\t<img fetchpriority=\"high\" decoding=\"async\" width=\"800\" height=\"400\" src=\"https:\/\/hurghadavylety.com\/wp-content\/uploads\/2024\/11\/Hurghada-vylety-800x400.jpg\" class=\"e-link-in-bio__identity-image-element\" alt=\"Hurghada vylety\" srcset=\"https:\/\/hurghadavylety.com\/wp-content\/uploads\/2024\/11\/Hurghada-vylety-800x400.jpg 800w, https:\/\/hurghadavylety.com\/wp-content\/uploads\/2024\/11\/Hurghada-vylety-768x383.jpg 768w, https:\/\/hurghadavylety.com\/wp-content\/uploads\/2024\/11\/Hurghada-vylety-18x9.jpg 18w, https:\/\/hurghadavylety.com\/wp-content\/uploads\/2024\/11\/Hurghada-vylety-600x299.jpg 600w, https:\/\/hurghadavylety.com\/wp-content\/uploads\/2024\/11\/Hurghada-vylety.jpg 960w\" sizes=\"(max-width: 800px) 100vw, 800px\" \/>\t\t\t\t\t\t\t\t\t\t\t\t\t<\/div>\n\t\t\t\t\t\t\t\t\t\t\t<div class=\"e-link-in-bio__identity-image e-link-in-bio__identity-image-profile has-style-circle\">\n\t\t\t\t\t\t\t<img decoding=\"async\" width=\"400\" height=\"400\" src=\"https:\/\/hurghadavylety.com\/wp-content\/uploads\/2024\/11\/1-removebg-preview-400x400.png\" class=\"e-link-in-bio__identity-image-element\" alt=\"Czech flag\" srcset=\"https:\/\/hurghadavylety.com\/wp-content\/uploads\/2024\/11\/1-removebg-preview-400x400.png 400w, https:\/\/hurghadavylety.com\/wp-content\/uploads\/2024\/11\/1-removebg-preview-280x280.png 280w, https:\/\/hurghadavylety.com\/wp-content\/uploads\/2024\/11\/1-removebg-preview-12x12.png 12w, https:\/\/hurghadavylety.com\/wp-content\/uploads\/2024\/11\/1-removebg-preview-300x300.png 300w, https:\/\/hurghadavylety.com\/wp-content\/uploads\/2024\/11\/1-removebg-preview-100x100.png 100w, https:\/\/hurghadavylety.com\/wp-content\/uploads\/2024\/11\/elementor\/thumbs\/1-removebg-preview-qwh0mcxvkrjq4cpa575vxgsj8v71pj879p05jql040.png 200w, https:\/\/hurghadavylety.com\/wp-content\/uploads\/2024\/11\/1-removebg-preview.png 500w\" sizes=\"(max-width: 400px) 100vw, 400px\" \/>\t\t\t\t\t\t\t\t\t\t\t\t\t<\/div>\n\t\t\t\t\t\t\t<\/div>\n\t\t\t\t\t<div class=\"e-link-in-bio__bio\">\n\t\t\t\t<h2 class=\"e-link-in-bio__heading\">Hurghada__vylety<\/h2>\t\t\t\t\t\t\t\t\t\t\t\t\t\t\t<\/div>\n\t\t\t\t\t<div class=\"e-link-in-bio__icons has-size-small\">\n\t\t\t\t\t\t\t<div class=\"e-link-in-bio__icon is-size-small\">\n\t\t\t\t\t<a href=\"https:\/\/www.instagram.com\/Hurghada__vylety\/\" target=\"_blank\" rel=\"noopener \" aria-label=\"Instagram\" class=\"e-link-in-bio__icon-link\">\n\t\t\t\t\t\t<span class=\"e-link-in-bio__icon-svg\">\n\t\t\t\t\t\t\t<svg aria-hidden=\"true\" class=\"e-font-icon-svg e-fab-instagram\" viewbox=\"0 0 448 512\" xmlns=\"http:\/\/www.w3.org\/2000\/svg\"><path d=\"M224.1 141c-63.6 0-114.9 51.3-114.9 114.9s51.3 114.9 114.9 114.9S339 319.5 339 255.9 287.7 141 224.1 141zm0 189.6c-41.1 0-74.7-33.5-74.7-74.7s33.5-74.7 74.7-74.7 74.7 33.5 74.7 74.7-33.6 74.7-74.7 74.7zm146.4-194.3c0 14.9-12 26.8-26.8 26.8-14.9 0-26.8-12-26.8-26.8s12-26.8 26.8-26.8 26.8 12 26.8 26.8zm76.1 27.2c-1.7-35.9-9.9-67.7-36.2-93.9-26.2-26.2-58-34.4-93.9-36.2-37-2.1-147.9-2.1-184.9 0-35.8 1.7-67.6 9.9-93.9 36.1s-34.4 58-36.2 93.9c-2.1 37-2.1 147.9 0 184.9 1.7 35.9 9.9 67.7 36.2 93.9s58 34.4 93.9 36.2c37 2.1 147.9 2.1 184.9 0 35.9-1.7 67.7-9.9 93.9-36.2 26.2-26.2 34.4-58 36.2-93.9 2.1-37 2.1-147.8 0-184.8zM398.8 388c-7.8 19.6-22.9 34.7-42.6 42.6-29.5 11.7-99.5 9-132.1 9s-102.7 2.6-132.1-9c-19.6-7.8-34.7-22.9-42.6-42.6-11.7-29.5-9-99.5-9-132.1s-2.6-102.7 9-132.1c7.8-19.6 22.9-34.7 42.6-42.6 29.5-11.7 99.5-9 132.1-9s102.7-2.6 132.1 9c19.6 7.8 34.7 22.9 42.6 42.6 11.7 29.5 9 99.5 9 132.1s2.7 102.7-9 132.1z\"><\/path><\/svg>\t\t\t\t\t\t<\/span>\n\t\t\t\t\t\t\t\t\t\t\t\t\t<span class=\"e-link-in-bio__icon-label\">\n\t\t\t\t\t\t\t\tInstagram\t\t\t\t\t\t\t<\/span>\n\t\t\t\t\t\t\t\t\t\t\t<\/a>\n\t\t\t\t<\/div>\n\t\t\t\t\t<\/div>\n\t\t\n\t\t<div class=\"e-link-in-bio__ctas has-type-button\">\n\t\t\t\t\t\t\t<a href=\"https:\/\/www.instagram.com\/Hurghada__vylety\/\" target=\"_blank\" rel=\"noopener \" class=\"e-link-in-bio__cta is-type-button has-corners-round\">\n\t\t\t\t\t\t\t\t\t\t<span class=\"e-link-in-bio__cta-text\">\n\t\t\t\t\t\tProhl\u00e9dnout profil\t\t\t\t\t<\/span>\n\t\t\t\t<\/a>\n\t\t\t\t\t<\/div>\n\t\t\t\t\t<div class=\"e-link-in-bio__bio e-link-in-bio__bio--footer\">\n\t\t\t\t\t\t\t\t<p class=\"e-link-in-bio__description\">Nezapomenuteln\u00e9 v\u00fdlety a aktivity v Hurghad\u011b<\/p>\t\t\t<\/div>\n\t\t\t\n\t\t\t<\/div>\n\t\t\t<div class=\"e-link-in-bio__bg\">\n\t\t\t\t<div class=\"e-link-in-bio__bg-overlay\"><\/div>\n\t\t\t<\/div>\n\t\t<\/div>\n\t\t\t\t\t\t<\/div>\n\t\t\t\t<\/div>\n\t\t\t\t<div class=\"elementor-element elementor-element-8ad9a00 elementor-widget elementor-widget-link-in-bio-var-7\" data-id=\"8ad9a00\" data-element_type=\"widget\" data-e-type=\"widget\" data-widget_type=\"link-in-bio-var-7.default\">\n\t\t\t\t<div class=\"elementor-widget-container\">\n\t\t\t\t\t\t\t<div class=\"e-link-in-bio e-link-in-bio-var-7\">\n\t\t\t<div class=\"e-link-in-bio__content\">\n\n\t\t\t\t\t\t<div class=\"e-link-in-bio__identity\">\n\t\t\t\t\t\t\t\t\t<div class=\"e-link-in-bio__identity-image e-link-in-bio__identity-image-cover\">\n\t\t\t\t\t\t\t<img decoding=\"async\" width=\"494\" height=\"400\" src=\"https:\/\/hurghadavylety.com\/wp-content\/uploads\/2024\/11\/wycieczki_w_hurghada-494x400.jpg\" class=\"e-link-in-bio__identity-image-element\" alt=\"wycieczki_w_hurghada\" srcset=\"https:\/\/hurghadavylety.com\/wp-content\/uploads\/2024\/11\/wycieczki_w_hurghada-494x400.jpg 494w, https:\/\/hurghadavylety.com\/wp-content\/uploads\/2024\/11\/wycieczki_w_hurghada-768x622.jpg 768w, https:\/\/hurghadavylety.com\/wp-content\/uploads\/2024\/11\/wycieczki_w_hurghada-15x12.jpg 15w, https:\/\/hurghadavylety.com\/wp-content\/uploads\/2024\/11\/wycieczki_w_hurghada-600x486.jpg 600w, https:\/\/hurghadavylety.com\/wp-content\/uploads\/2024\/11\/wycieczki_w_hurghada.jpg 960w\" sizes=\"(max-width: 494px) 100vw, 494px\" \/>\t\t\t\t\t\t\t\t\t\t\t\t\t<\/div>\n\t\t\t\t\t\t\t\t\t\t\t<div class=\"e-link-in-bio__identity-image e-link-in-bio__identity-image-profile has-style-circle\">\n\t\t\t\t\t\t\t<img loading=\"lazy\" decoding=\"async\" width=\"400\" height=\"400\" src=\"https:\/\/hurghadavylety.com\/wp-content\/uploads\/2024\/11\/3-removebg-preview-400x400.png\" class=\"e-link-in-bio__identity-image-element\" alt=\"\" srcset=\"https:\/\/hurghadavylety.com\/wp-content\/uploads\/2024\/11\/3-removebg-preview-400x400.png 400w, https:\/\/hurghadavylety.com\/wp-content\/uploads\/2024\/11\/3-removebg-preview-280x280.png 280w, https:\/\/hurghadavylety.com\/wp-content\/uploads\/2024\/11\/3-removebg-preview-12x12.png 12w, https:\/\/hurghadavylety.com\/wp-content\/uploads\/2024\/11\/3-removebg-preview-300x300.png 300w, https:\/\/hurghadavylety.com\/wp-content\/uploads\/2024\/11\/3-removebg-preview-100x100.png 100w, https:\/\/hurghadavylety.com\/wp-content\/uploads\/2024\/11\/3-removebg-preview.png 500w\" sizes=\"(max-width: 400px) 100vw, 400px\" \/>\t\t\t\t\t\t\t\t\t\t\t\t\t<\/div>\n\t\t\t\t\t\t\t<\/div>\n\t\t\t\t\t<div class=\"e-link-in-bio__bio\">\n\t\t\t\t<h2 class=\"e-link-in-bio__heading\">wycieczki_w_hurghada<\/h2>\t\t\t\t\t\t\t\t\t\t\t\t\t\t\t<\/div>\n\t\t\t\t\t<div class=\"e-link-in-bio__icons has-size-small\">\n\t\t\t\t\t\t\t<div class=\"e-link-in-bio__icon is-size-small\">\n\t\t\t\t\t<a href=\"https:\/\/www.instagram.com\/wycieczki_w_hurghada\/\" target=\"_blank\" rel=\"noopener \" aria-label=\"Instagram\" class=\"e-link-in-bio__icon-link\">\n\t\t\t\t\t\t<span class=\"e-link-in-bio__icon-svg\">\n\t\t\t\t\t\t\t<svg aria-hidden=\"true\" class=\"e-font-icon-svg e-fab-instagram\" viewbox=\"0 0 448 512\" xmlns=\"http:\/\/www.w3.org\/2000\/svg\"><path d=\"M224.1 141c-63.6 0-114.9 51.3-114.9 114.9s51.3 114.9 114.9 114.9S339 319.5 339 255.9 287.7 141 224.1 141zm0 189.6c-41.1 0-74.7-33.5-74.7-74.7s33.5-74.7 74.7-74.7 74.7 33.5 74.7 74.7-33.6 74.7-74.7 74.7zm146.4-194.3c0 14.9-12 26.8-26.8 26.8-14.9 0-26.8-12-26.8-26.8s12-26.8 26.8-26.8 26.8 12 26.8 26.8zm76.1 27.2c-1.7-35.9-9.9-67.7-36.2-93.9-26.2-26.2-58-34.4-93.9-36.2-37-2.1-147.9-2.1-184.9 0-35.8 1.7-67.6 9.9-93.9 36.1s-34.4 58-36.2 93.9c-2.1 37-2.1 147.9 0 184.9 1.7 35.9 9.9 67.7 36.2 93.9s58 34.4 93.9 36.2c37 2.1 147.9 2.1 184.9 0 35.9-1.7 67.7-9.9 93.9-36.2 26.2-26.2 34.4-58 36.2-93.9 2.1-37 2.1-147.8 0-184.8zM398.8 388c-7.8 19.6-22.9 34.7-42.6 42.6-29.5 11.7-99.5 9-132.1 9s-102.7 2.6-132.1-9c-19.6-7.8-34.7-22.9-42.6-42.6-11.7-29.5-9-99.5-9-132.1s-2.6-102.7 9-132.1c7.8-19.6 22.9-34.7 42.6-42.6 29.5-11.7 99.5-9 132.1-9s102.7-2.6 132.1 9c19.6 7.8 34.7 22.9 42.6 42.6 11.7 29.5 9 99.5 9 132.1s2.7 102.7-9 132.1z\"><\/path><\/svg>\t\t\t\t\t\t<\/span>\n\t\t\t\t\t\t\t\t\t\t\t\t\t<span class=\"e-link-in-bio__icon-label\">\n\t\t\t\t\t\t\t\tInstagram\t\t\t\t\t\t\t<\/span>\n\t\t\t\t\t\t\t\t\t\t\t<\/a>\n\t\t\t\t<\/div>\n\t\t\t\t\t<\/div>\n\t\t\n\t\t<div class=\"e-link-in-bio__ctas has-type-button\">\n\t\t\t\t\t\t\t<a href=\"https:\/\/www.instagram.com\/wycieczki_w_hurghada\/\" target=\"_blank\" rel=\"noopener \" class=\"e-link-in-bio__cta is-type-button has-corners-round\">\n\t\t\t\t\t\t\t\t\t\t<span class=\"e-link-in-bio__cta-text\">\n\t\t\t\t\t\tWy\u015bwietl profil\t\t\t\t\t<\/span>\n\t\t\t\t<\/a>\n\t\t\t\t\t<\/div>\n\t\t\t\t\t<div class=\"e-link-in-bio__bio e-link-in-bio__bio--footer\">\n\t\t\t\t\t\t\t\t<p class=\"e-link-in-bio__description\">Niezapomniane wycieczki i atrakcje w Hurghadzie<\/p>\t\t\t<\/div>\n\t\t\t\n\t\t\t<\/div>\n\t\t\t<div class=\"e-link-in-bio__bg\">\n\t\t\t\t<div class=\"e-link-in-bio__bg-overlay\"><\/div>\n\t\t\t<\/div>\n\t\t<\/div>\n\t\t\t\t\t\t<\/div>\n\t\t\t\t<\/div>\n\t\t\t\t<div class=\"elementor-element elementor-element-3be9188 elementor-widget elementor-widget-link-in-bio-var-7\" data-id=\"3be9188\" data-element_type=\"widget\" data-e-type=\"widget\" data-widget_type=\"link-in-bio-var-7.default\">\n\t\t\t\t<div class=\"elementor-widget-container\">\n\t\t\t\t\t\t\t<div class=\"e-link-in-bio e-link-in-bio-var-7\">\n\t\t\t<div class=\"e-link-in-bio__content\">\n\n\t\t\t\t\t\t<div class=\"e-link-in-bio__identity\">\n\t\t\t\t\t\t\t\t\t<div class=\"e-link-in-bio__identity-image e-link-in-bio__identity-image-cover\">\n\t\t\t\t\t\t\t<img loading=\"lazy\" decoding=\"async\" width=\"400\" height=\"400\" src=\"https:\/\/hurghadavylety.com\/wp-content\/uploads\/2024\/11\/Hurghada-Turak-400x400.jpg\" class=\"e-link-in-bio__identity-image-element\" alt=\"Hurghada t\u00far\u00e1k\" srcset=\"https:\/\/hurghadavylety.com\/wp-content\/uploads\/2024\/11\/Hurghada-Turak-400x400.jpg 400w, https:\/\/hurghadavylety.com\/wp-content\/uploads\/2024\/11\/Hurghada-Turak-800x800.jpg 800w, https:\/\/hurghadavylety.com\/wp-content\/uploads\/2024\/11\/Hurghada-Turak-280x280.jpg 280w, https:\/\/hurghadavylety.com\/wp-content\/uploads\/2024\/11\/Hurghada-Turak-768x768.jpg 768w, https:\/\/hurghadavylety.com\/wp-content\/uploads\/2024\/11\/Hurghada-Turak-12x12.jpg 12w, https:\/\/hurghadavylety.com\/wp-content\/uploads\/2024\/11\/Hurghada-Turak-300x300.jpg 300w, https:\/\/hurghadavylety.com\/wp-content\/uploads\/2024\/11\/Hurghada-Turak-600x600.jpg 600w, https:\/\/hurghadavylety.com\/wp-content\/uploads\/2024\/11\/Hurghada-Turak-100x100.jpg 100w, https:\/\/hurghadavylety.com\/wp-content\/uploads\/2024\/11\/Hurghada-Turak.jpg 960w\" sizes=\"(max-width: 400px) 100vw, 400px\" \/>\t\t\t\t\t\t\t\t\t\t\t\t\t<\/div>\n\t\t\t\t\t\t\t\t\t\t\t<div class=\"e-link-in-bio__identity-image e-link-in-bio__identity-image-profile has-style-circle\">\n\t\t\t\t\t\t\t<img loading=\"lazy\" decoding=\"async\" width=\"400\" height=\"400\" src=\"https:\/\/hurghadavylety.com\/wp-content\/uploads\/2024\/11\/4-removebg-preview-400x400.png\" class=\"e-link-in-bio__identity-image-element\" alt=\"\" srcset=\"https:\/\/hurghadavylety.com\/wp-content\/uploads\/2024\/11\/4-removebg-preview-400x400.png 400w, https:\/\/hurghadavylety.com\/wp-content\/uploads\/2024\/11\/4-removebg-preview-280x280.png 280w, https:\/\/hurghadavylety.com\/wp-content\/uploads\/2024\/11\/4-removebg-preview-12x12.png 12w, https:\/\/hurghadavylety.com\/wp-content\/uploads\/2024\/11\/4-removebg-preview-300x300.png 300w, https:\/\/hurghadavylety.com\/wp-content\/uploads\/2024\/11\/4-removebg-preview-100x100.png 100w, https:\/\/hurghadavylety.com\/wp-content\/uploads\/2024\/11\/4-removebg-preview.png 500w\" sizes=\"(max-width: 400px) 100vw, 400px\" \/>\t\t\t\t\t\t\t\t\t\t\t\t\t<\/div>\n\t\t\t\t\t\t\t<\/div>\n\t\t\t\t\t<div class=\"e-link-in-bio__bio\">\n\t\t\t\t<h2 class=\"e-link-in-bio__heading\">Hurghada_t\u00far\u00e1k<\/h2>\t\t\t\t\t\t\t\t\t\t\t\t\t\t\t<\/div>\n\t\t\t\t\t<div class=\"e-link-in-bio__icons has-size-small\">\n\t\t\t\t\t\t\t<div class=\"e-link-in-bio__icon is-size-small\">\n\t\t\t\t\t<a href=\"https:\/\/www.instagram.com\/hurghada_turak?igsh=ZDJqNDVtYjM1bHVw&#038;utm_source=qr\" target=\"_blank\" rel=\"noopener \" aria-label=\"Instagram\" class=\"e-link-in-bio__icon-link\">\n\t\t\t\t\t\t<span class=\"e-link-in-bio__icon-svg\">\n\t\t\t\t\t\t\t<svg aria-hidden=\"true\" class=\"e-font-icon-svg e-fab-instagram\" viewbox=\"0 0 448 512\" xmlns=\"http:\/\/www.w3.org\/2000\/svg\"><path d=\"M224.1 141c-63.6 0-114.9 51.3-114.9 114.9s51.3 114.9 114.9 114.9S339 319.5 339 255.9 287.7 141 224.1 141zm0 189.6c-41.1 0-74.7-33.5-74.7-74.7s33.5-74.7 74.7-74.7 74.7 33.5 74.7 74.7-33.6 74.7-74.7 74.7zm146.4-194.3c0 14.9-12 26.8-26.8 26.8-14.9 0-26.8-12-26.8-26.8s12-26.8 26.8-26.8 26.8 12 26.8 26.8zm76.1 27.2c-1.7-35.9-9.9-67.7-36.2-93.9-26.2-26.2-58-34.4-93.9-36.2-37-2.1-147.9-2.1-184.9 0-35.8 1.7-67.6 9.9-93.9 36.1s-34.4 58-36.2 93.9c-2.1 37-2.1 147.9 0 184.9 1.7 35.9 9.9 67.7 36.2 93.9s58 34.4 93.9 36.2c37 2.1 147.9 2.1 184.9 0 35.9-1.7 67.7-9.9 93.9-36.2 26.2-26.2 34.4-58 36.2-93.9 2.1-37 2.1-147.8 0-184.8zM398.8 388c-7.8 19.6-22.9 34.7-42.6 42.6-29.5 11.7-99.5 9-132.1 9s-102.7 2.6-132.1-9c-19.6-7.8-34.7-22.9-42.6-42.6-11.7-29.5-9-99.5-9-132.1s-2.6-102.7 9-132.1c7.8-19.6 22.9-34.7 42.6-42.6 29.5-11.7 99.5-9 132.1-9s102.7-2.6 132.1 9c19.6 7.8 34.7 22.9 42.6 42.6 11.7 29.5 9 99.5 9 132.1s2.7 102.7-9 132.1z\"><\/path><\/svg>\t\t\t\t\t\t<\/span>\n\t\t\t\t\t\t\t\t\t\t\t\t\t<span class=\"e-link-in-bio__icon-label\">\n\t\t\t\t\t\t\t\tInstagram\t\t\t\t\t\t\t<\/span>\n\t\t\t\t\t\t\t\t\t\t\t<\/a>\n\t\t\t\t<\/div>\n\t\t\t\t\t<\/div>\n\t\t\n\t\t<div class=\"e-link-in-bio__ctas has-type-button\">\n\t\t\t\t\t\t\t<a href=\"https:\/\/www.instagram.com\/hurghada_turak?igsh=ZDJqNDVtYjM1bHVw&#038;utm_source=qr\" target=\"_blank\" rel=\"noopener \" class=\"e-link-in-bio__cta is-type-button has-corners-round\">\n\t\t\t\t\t\t\t\t\t\t<span class=\"e-link-in-bio__cta-text\">\n\t\t\t\t\t\tProfil megtekint\u00e9se\t\t\t\t\t<\/span>\n\t\t\t\t<\/a>\n\t\t\t\t\t<\/div>\n\t\t\t\t\t<div class=\"e-link-in-bio__bio e-link-in-bio__bio--footer\">\n\t\t\t\t\t\t\t\t<p class=\"e-link-in-bio__description\">Felejthetetlen hurghadai t\u00far\u00e1k \u00e9s tev\u00e9kenys\u00e9gek<\/p>\t\t\t<\/div>\n\t\t\t\n\t\t\t<\/div>\n\t\t\t<div class=\"e-link-in-bio__bg\">\n\t\t\t\t<div class=\"e-link-in-bio__bg-overlay\"><\/div>\n\t\t\t<\/div>\n\t\t<\/div>\n\t\t\t\t\t\t<\/div>\n\t\t\t\t<\/div>\n\t\t\t\t\t<\/div>\n\t\t\t\t<\/div>\n\t\t<div class=\"elementor-element elementor-element-1da3f22 e-flex e-con-boxed e-con e-parent\" data-id=\"1da3f22\" data-element_type=\"container\" data-e-type=\"container\">\n\t\t\t\t\t<div class=\"e-con-inner\">\n\t\t\t\t<div class=\"elementor-element elementor-element-4c06ac7 elementor-button-info elementor-align-center elementor-widget elementor-widget-button\" data-id=\"4c06ac7\" data-element_type=\"widget\" data-e-type=\"widget\" data-widget_type=\"button.default\">\n\t\t\t\t<div class=\"elementor-widget-container\">\n\t\t\t\t\t\t\t\t\t<div class=\"elementor-button-wrapper\">\n\t\t\t\t\t<a class=\"elementor-button elementor-button-link elementor-size-sm\" href=\"https:\/\/hurghadavylety.com\/cs\/vse-vylety\/\">\n\t\t\t\t\t\t<span class=\"elementor-button-content-wrapper\">\n\t\t\t\t\t\t<span class=\"elementor-button-icon\">\n\t\t\t\t<svg aria-hidden=\"true\" class=\"e-font-icon-svg e-far-arrow-alt-circle-left\" viewbox=\"0 0 512 512\" xmlns=\"http:\/\/www.w3.org\/2000\/svg\"><path d=\"M8 256c0 137 111 248 248 248s248-111 248-248S393 8 256 8 8 119 8 256zm448 0c0 110.5-89.5 200-200 200S56 366.5 56 256 145.5 56 256 56s200 89.5 200 200zm-72-20v40c0 6.6-5.4 12-12 12H256v67c0 10.7-12.9 16-20.5 8.5l-99-99c-4.7-4.7-4.7-12.3 0-17l99-99c7.6-7.6 20.5-2.2 20.5 8.5v67h116c6.6 0 12 5.4 12 12z\"><\/path><\/svg>\t\t\t<\/span>\n\t\t\t\t\t\t\t\t\t<span class=\"elementor-button-text\">Zp\u011bt<\/span>\n\t\t\t\t\t<\/span>\n\t\t\t\t\t<\/a>\n\t\t\t\t<\/div>\n\t\t\t\t\t\t\t\t<\/div>\n\t\t\t\t<\/div>\n\t\t\t\t\t<\/div>\n\t\t\t\t<\/div>\n\t\t\t\t<\/div>","protected":false},"excerpt":{"rendered":"<p>select your preferred language to view our Instagram profile Hurghada__vylety Instagram Prohl\u00e9dnout profil Nezapomenuteln\u00e9 v\u00fdlety a aktivity v Hurghad\u011b wycieczki_w_hurghada Instagram Wy\u015bwietl profil Niezapomniane wycieczki i atrakcje w Hurghadzie Hurghada_t\u00far\u00e1k Instagram Profil megtekint\u00e9se Felejthetetlen hurghadai t\u00far\u00e1k \u00e9s tev\u00e9kenys\u00e9gek Back<\/p>","protected":false},"author":1,"featured_media":0,"parent":0,"menu_order":0,"comment_status":"closed","ping_status":"closed","template":"elementor_header_footer","meta":{"footnotes":""},"class_list":["post-2175","page","type-page","status-publish","hentry"],"_links":{"self":[{"href":"https:\/\/hurghadavylety.com\/cs\/wp-json\/wp\/v2\/pages\/2175","targetHints":{"allow":["GET"]}}],"collection":[{"href":"https:\/\/hurghadavylety.com\/cs\/wp-json\/wp\/v2\/pages"}],"about":[{"href":"https:\/\/hurghadavylety.com\/cs\/wp-json\/wp\/v2\/types\/page"}],"author":[{"embeddable":true,"href":"https:\/\/hurghadavylety.com\/cs\/wp-json\/wp\/v2\/users\/1"}],"replies":[{"embeddable":true,"href":"https:\/\/hurghadavylety.com\/cs\/wp-json\/wp\/v2\/comments?post=2175"}],"version-history":[{"count":105,"href":"https:\/\/hurghadavylety.com\/cs\/wp-json\/wp\/v2\/pages\/2175\/revisions"}],"predecessor-version":[{"id":2444,"href":"https:\/\/hurghadavylety.com\/cs\/wp-json\/wp\/v2\/pages\/2175\/revisions\/2444"}],"wp:attachment":[{"href":"https:\/\/hurghadavylety.com\/cs\/wp-json\/wp\/v2\/media?parent=2175"}],"curies":[{"name":"wp","href":"https:\/\/api.w.org\/{rel}","templated":true}]}}