{"id":2296,"date":"2024-11-02T17:26:22","date_gmt":"2024-11-02T17:26:22","guid":{"rendered":"https:\/\/hurghadavylety.com\/?page_id=2296"},"modified":"2024-11-03T06:07:34","modified_gmt":"2024-11-03T06:07:34","slug":"facebook","status":"publish","type":"page","link":"https:\/\/hurghadavylety.com\/hu\/facebook\/","title":{"rendered":"Facebook"},"content":{"rendered":"<div data-elementor-type=\"wp-page\" data-elementor-id=\"2296\" class=\"elementor elementor-2296\" data-elementor-post-type=\"page\">\n\t\t\t\t<div class=\"elementor-element elementor-element-33ae4736 e-flex e-con-boxed e-con e-parent\" data-id=\"33ae4736\" data-element_type=\"container\" data-e-type=\"container\">\n\t\t\t\t\t<div class=\"e-con-inner\">\n\t\t\t\t<div class=\"elementor-element elementor-element-54459423 elementor-widget elementor-widget-text-editor\" data-id=\"54459423\" data-element_type=\"widget\" data-e-type=\"widget\" data-widget_type=\"text-editor.default\">\n\t\t\t\t<div class=\"elementor-widget-container\">\n\t\t\t\t\t\t\t\t\t\t\t\t\t\t\t\t\t<\/div>\n\t\t\t\t<\/div>\n\t\t\t\t\t<\/div>\n\t\t\t\t<\/div>\n\t\t<div class=\"elementor-element elementor-element-5a8a789 e-flex e-con-boxed e-con e-parent\" data-id=\"5a8a789\" data-element_type=\"container\" data-e-type=\"container\">\n\t\t\t\t\t<div class=\"e-con-inner\">\n\t\t\t\t<div class=\"elementor-element elementor-element-45e1488 elementor-headline--style-highlight elementor-widget elementor-widget-animated-headline\" data-id=\"45e1488\" data-element_type=\"widget\" data-e-type=\"widget\" data-settings=\"{&quot;highlighted_text&quot;:&quot; language&quot;,&quot;headline_style&quot;:&quot;highlight&quot;,&quot;marker&quot;:&quot;circle&quot;,&quot;loop&quot;:&quot;yes&quot;,&quot;highlight_animation_duration&quot;:1200,&quot;highlight_iteration_delay&quot;:8000}\" data-widget_type=\"animated-headline.default\">\n\t\t\t\t<div class=\"elementor-widget-container\">\n\t\t\t\t\t\t\t<h3 class=\"elementor-headline\">\n\t\t\t\t\t<span class=\"elementor-headline-plain-text elementor-headline-text-wrapper\">v\u00e1lassza ki a k\u00edv\u00e1nt <\/span>\n\t\t\t\t<span class=\"elementor-headline-dynamic-wrapper elementor-headline-text-wrapper\">\n\t\t\t\t\t<span class=\"elementor-headline-dynamic-text elementor-headline-text-active\"> nyelvet<\/span>\n\t\t\t\t<\/span>\n\t\t\t\t\t<span class=\"elementor-headline-plain-text elementor-headline-text-wrapper\">a Facebook profilunk megtekint\u00e9s\u00e9hez<\/span>\n\t\t\t\t\t<\/h3>\n\t\t\t\t\t\t<\/div>\n\t\t\t\t<\/div>\n\t\t\t\t\t<\/div>\n\t\t\t\t<\/div>\n\t\t<div class=\"elementor-element elementor-element-eac0fd0 e-grid e-con-boxed e-con e-parent\" data-id=\"eac0fd0\" data-element_type=\"container\" data-e-type=\"container\">\n\t\t\t\t\t<div class=\"e-con-inner\">\n\t\t\t\t<div class=\"elementor-element elementor-element-06cfa98 elementor-widget elementor-widget-link-in-bio-var-7\" data-id=\"06cfa98\" data-element_type=\"widget\" data-e-type=\"widget\" data-widget_type=\"link-in-bio-var-7.default\">\n\t\t\t\t<div class=\"elementor-widget-container\">\n\t\t\t\t\t\t\t<div class=\"e-link-in-bio e-link-in-bio-var-7\">\n\t\t\t<div class=\"e-link-in-bio__content\">\n\n\t\t\t\t\t\t<div class=\"e-link-in-bio__identity\">\n\t\t\t\t\t\t\t\t\t<div class=\"e-link-in-bio__identity-image e-link-in-bio__identity-image-cover\">\n\t\t\t\t\t\t\t<img fetchpriority=\"high\" decoding=\"async\" width=\"800\" height=\"400\" src=\"https:\/\/hurghadavylety.com\/wp-content\/uploads\/2024\/11\/Hurghada-vylety-800x400.jpg\" class=\"e-link-in-bio__identity-image-element\" alt=\"Hurghada vylety\" srcset=\"https:\/\/hurghadavylety.com\/wp-content\/uploads\/2024\/11\/Hurghada-vylety-800x400.jpg 800w, https:\/\/hurghadavylety.com\/wp-content\/uploads\/2024\/11\/Hurghada-vylety-768x383.jpg 768w, https:\/\/hurghadavylety.com\/wp-content\/uploads\/2024\/11\/Hurghada-vylety-18x9.jpg 18w, https:\/\/hurghadavylety.com\/wp-content\/uploads\/2024\/11\/Hurghada-vylety-600x299.jpg 600w, https:\/\/hurghadavylety.com\/wp-content\/uploads\/2024\/11\/Hurghada-vylety.jpg 960w\" sizes=\"(max-width: 800px) 100vw, 800px\" \/>\t\t\t\t\t\t\t\t\t\t\t\t\t<\/div>\n\t\t\t\t\t\t\t\t\t\t\t<div class=\"e-link-in-bio__identity-image e-link-in-bio__identity-image-profile has-style-circle\">\n\t\t\t\t\t\t\t<img decoding=\"async\" width=\"400\" height=\"400\" src=\"https:\/\/hurghadavylety.com\/wp-content\/uploads\/2024\/11\/1-removebg-preview-400x400.png\" class=\"e-link-in-bio__identity-image-element\" alt=\"Czech flag\" srcset=\"https:\/\/hurghadavylety.com\/wp-content\/uploads\/2024\/11\/1-removebg-preview-400x400.png 400w, https:\/\/hurghadavylety.com\/wp-content\/uploads\/2024\/11\/1-removebg-preview-280x280.png 280w, https:\/\/hurghadavylety.com\/wp-content\/uploads\/2024\/11\/1-removebg-preview-12x12.png 12w, https:\/\/hurghadavylety.com\/wp-content\/uploads\/2024\/11\/1-removebg-preview-300x300.png 300w, https:\/\/hurghadavylety.com\/wp-content\/uploads\/2024\/11\/1-removebg-preview-100x100.png 100w, https:\/\/hurghadavylety.com\/wp-content\/uploads\/2024\/11\/elementor\/thumbs\/1-removebg-preview-qwh0mcxvkrjq4cpa575vxgsj8v71pj879p05jql040.png 200w, https:\/\/hurghadavylety.com\/wp-content\/uploads\/2024\/11\/1-removebg-preview.png 500w\" sizes=\"(max-width: 400px) 100vw, 400px\" \/>\t\t\t\t\t\t\t\t\t\t\t\t\t<\/div>\n\t\t\t\t\t\t\t<\/div>\n\t\t\t\t\t<div class=\"e-link-in-bio__bio\">\n\t\t\t\t<h2 class=\"e-link-in-bio__heading\">Hurghada vylety<\/h2>\t\t\t\t\t\t\t\t\t\t\t\t\t\t\t<\/div>\n\t\t\t\t\t<div class=\"e-link-in-bio__icons has-size-small\">\n\t\t\t\t\t\t\t<div class=\"e-link-in-bio__icon is-size-small\">\n\t\t\t\t\t<a href=\"https:\/\/www.facebook.com\/Hurghadavylety1\/\" target=\"_blank\" rel=\"noopener \" aria-label=\"Facebook\" class=\"e-link-in-bio__icon-link\">\n\t\t\t\t\t\t<span class=\"e-link-in-bio__icon-svg\">\n\t\t\t\t\t\t\t<svg aria-hidden=\"true\" class=\"e-font-icon-svg e-fab-facebook\" viewbox=\"0 0 512 512\" xmlns=\"http:\/\/www.w3.org\/2000\/svg\"><path d=\"M504 256C504 119 393 8 256 8S8 119 8 256c0 123.78 90.69 226.38 209.25 245V327.69h-63V256h63v-54.64c0-62.15 37-96.48 93.67-96.48 27.14 0 55.52 4.84 55.52 4.84v61h-31.28c-30.8 0-40.41 19.12-40.41 38.73V256h68.78l-11 71.69h-57.78V501C413.31 482.38 504 379.78 504 256z\"><\/path><\/svg>\t\t\t\t\t\t<\/span>\n\t\t\t\t\t\t\t\t\t\t\t\t\t<span class=\"e-link-in-bio__icon-label\">\n\t\t\t\t\t\t\t\tFacebook\t\t\t\t\t\t\t<\/span>\n\t\t\t\t\t\t\t\t\t\t\t<\/a>\n\t\t\t\t<\/div>\n\t\t\t\t\t<\/div>\n\t\t\n\t\t<div class=\"e-link-in-bio__ctas has-type-button\">\n\t\t\t\t\t\t\t<a href=\"https:\/\/www.facebook.com\/Hurghadavylety1\/\" target=\"_blank\" rel=\"noopener \" class=\"e-link-in-bio__cta is-type-button has-corners-round\">\n\t\t\t\t\t\t\t\t\t\t<span class=\"e-link-in-bio__cta-text\">\n\t\t\t\t\t\tProhl\u00e9dnout profil\t\t\t\t\t<\/span>\n\t\t\t\t<\/a>\n\t\t\t\t\t<\/div>\n\t\t\t\t\t<div class=\"e-link-in-bio__bio e-link-in-bio__bio--footer\">\n\t\t\t\t\t\t\t\t<p class=\"e-link-in-bio__description\">Nezapomenuteln\u00e9 v\u00fdlety a aktivity v Hurghad\u011b<\/p>\t\t\t<\/div>\n\t\t\t\n\t\t\t<\/div>\n\t\t\t<div class=\"e-link-in-bio__bg\">\n\t\t\t\t<div class=\"e-link-in-bio__bg-overlay\"><\/div>\n\t\t\t<\/div>\n\t\t<\/div>\n\t\t\t\t\t\t<\/div>\n\t\t\t\t<\/div>\n\t\t\t\t<div class=\"elementor-element elementor-element-682a410 elementor-widget elementor-widget-link-in-bio-var-7\" data-id=\"682a410\" data-element_type=\"widget\" data-e-type=\"widget\" data-widget_type=\"link-in-bio-var-7.default\">\n\t\t\t\t<div class=\"elementor-widget-container\">\n\t\t\t\t\t\t\t<div class=\"e-link-in-bio e-link-in-bio-var-7\">\n\t\t\t<div class=\"e-link-in-bio__content\">\n\n\t\t\t\t\t\t<div class=\"e-link-in-bio__identity\">\n\t\t\t\t\t\t\t\t\t<div class=\"e-link-in-bio__identity-image e-link-in-bio__identity-image-cover\">\n\t\t\t\t\t\t\t<img decoding=\"async\" width=\"494\" height=\"400\" src=\"https:\/\/hurghadavylety.com\/wp-content\/uploads\/2024\/11\/wycieczki_w_hurghada-494x400.jpg\" class=\"e-link-in-bio__identity-image-element\" alt=\"wycieczki_w_hurghada\" srcset=\"https:\/\/hurghadavylety.com\/wp-content\/uploads\/2024\/11\/wycieczki_w_hurghada-494x400.jpg 494w, https:\/\/hurghadavylety.com\/wp-content\/uploads\/2024\/11\/wycieczki_w_hurghada-768x622.jpg 768w, https:\/\/hurghadavylety.com\/wp-content\/uploads\/2024\/11\/wycieczki_w_hurghada-15x12.jpg 15w, https:\/\/hurghadavylety.com\/wp-content\/uploads\/2024\/11\/wycieczki_w_hurghada-600x486.jpg 600w, https:\/\/hurghadavylety.com\/wp-content\/uploads\/2024\/11\/wycieczki_w_hurghada.jpg 960w\" sizes=\"(max-width: 494px) 100vw, 494px\" \/>\t\t\t\t\t\t\t\t\t\t\t\t\t<\/div>\n\t\t\t\t\t\t\t\t\t\t\t<div class=\"e-link-in-bio__identity-image e-link-in-bio__identity-image-profile has-style-circle\">\n\t\t\t\t\t\t\t<img loading=\"lazy\" decoding=\"async\" width=\"400\" height=\"400\" src=\"https:\/\/hurghadavylety.com\/wp-content\/uploads\/2024\/11\/3-removebg-preview-400x400.png\" class=\"e-link-in-bio__identity-image-element\" alt=\"\" srcset=\"https:\/\/hurghadavylety.com\/wp-content\/uploads\/2024\/11\/3-removebg-preview-400x400.png 400w, https:\/\/hurghadavylety.com\/wp-content\/uploads\/2024\/11\/3-removebg-preview-280x280.png 280w, https:\/\/hurghadavylety.com\/wp-content\/uploads\/2024\/11\/3-removebg-preview-12x12.png 12w, https:\/\/hurghadavylety.com\/wp-content\/uploads\/2024\/11\/3-removebg-preview-300x300.png 300w, https:\/\/hurghadavylety.com\/wp-content\/uploads\/2024\/11\/3-removebg-preview-100x100.png 100w, https:\/\/hurghadavylety.com\/wp-content\/uploads\/2024\/11\/3-removebg-preview.png 500w\" sizes=\"(max-width: 400px) 100vw, 400px\" \/>\t\t\t\t\t\t\t\t\t\t\t\t\t<\/div>\n\t\t\t\t\t\t\t<\/div>\n\t\t\t\t\t<div class=\"e-link-in-bio__bio\">\n\t\t\t\t<h2 class=\"e-link-in-bio__heading\">wycieczki w hurghada<\/h2>\t\t\t\t\t\t\t\t\t\t\t\t\t\t\t<\/div>\n\t\t\t\t\t<div class=\"e-link-in-bio__icons has-size-small\">\n\t\t\t\t\t\t\t<div class=\"e-link-in-bio__icon is-size-small\">\n\t\t\t\t\t<a href=\"https:\/\/www.facebook.com\/people\/wycieczki-w-hurghada\/\" target=\"_blank\" rel=\"noopener \" aria-label=\"Facebook\" class=\"e-link-in-bio__icon-link\">\n\t\t\t\t\t\t<span class=\"e-link-in-bio__icon-svg\">\n\t\t\t\t\t\t\t<svg aria-hidden=\"true\" class=\"e-font-icon-svg e-fab-facebook\" viewbox=\"0 0 512 512\" xmlns=\"http:\/\/www.w3.org\/2000\/svg\"><path d=\"M504 256C504 119 393 8 256 8S8 119 8 256c0 123.78 90.69 226.38 209.25 245V327.69h-63V256h63v-54.64c0-62.15 37-96.48 93.67-96.48 27.14 0 55.52 4.84 55.52 4.84v61h-31.28c-30.8 0-40.41 19.12-40.41 38.73V256h68.78l-11 71.69h-57.78V501C413.31 482.38 504 379.78 504 256z\"><\/path><\/svg>\t\t\t\t\t\t<\/span>\n\t\t\t\t\t\t\t\t\t\t\t\t\t<span class=\"e-link-in-bio__icon-label\">\n\t\t\t\t\t\t\t\tFacebook\t\t\t\t\t\t\t<\/span>\n\t\t\t\t\t\t\t\t\t\t\t<\/a>\n\t\t\t\t<\/div>\n\t\t\t\t\t<\/div>\n\t\t\n\t\t<div class=\"e-link-in-bio__ctas has-type-button\">\n\t\t\t\t\t\t\t<a href=\"https:\/\/www.facebook.com\/people\/wycieczki-w-hurghada\/\" target=\"_blank\" rel=\"noopener \" class=\"e-link-in-bio__cta is-type-button has-corners-round\">\n\t\t\t\t\t\t\t\t\t\t<span class=\"e-link-in-bio__cta-text\">\n\t\t\t\t\t\tWy\u015bwietl profil\t\t\t\t\t<\/span>\n\t\t\t\t<\/a>\n\t\t\t\t\t<\/div>\n\t\t\t\t\t<div class=\"e-link-in-bio__bio e-link-in-bio__bio--footer\">\n\t\t\t\t\t\t\t\t<p class=\"e-link-in-bio__description\">Niezapomniane wycieczki i atrakcje w Hurghadzie<\/p>\t\t\t<\/div>\n\t\t\t\n\t\t\t<\/div>\n\t\t\t<div class=\"e-link-in-bio__bg\">\n\t\t\t\t<div class=\"e-link-in-bio__bg-overlay\"><\/div>\n\t\t\t<\/div>\n\t\t<\/div>\n\t\t\t\t\t\t<\/div>\n\t\t\t\t<\/div>\n\t\t\t\t<div class=\"elementor-element elementor-element-812059d elementor-widget elementor-widget-link-in-bio-var-7\" data-id=\"812059d\" data-element_type=\"widget\" data-e-type=\"widget\" data-widget_type=\"link-in-bio-var-7.default\">\n\t\t\t\t<div class=\"elementor-widget-container\">\n\t\t\t\t\t\t\t<div class=\"e-link-in-bio e-link-in-bio-var-7\">\n\t\t\t<div class=\"e-link-in-bio__content\">\n\n\t\t\t\t\t\t<div class=\"e-link-in-bio__identity\">\n\t\t\t\t\t\t\t\t\t<div class=\"e-link-in-bio__identity-image e-link-in-bio__identity-image-cover\">\n\t\t\t\t\t\t\t<img loading=\"lazy\" decoding=\"async\" width=\"400\" height=\"400\" src=\"https:\/\/hurghadavylety.com\/wp-content\/uploads\/2024\/11\/Hurghada-Turak-400x400.jpg\" class=\"e-link-in-bio__identity-image-element\" alt=\"Hurghada t\u00far\u00e1k\" srcset=\"https:\/\/hurghadavylety.com\/wp-content\/uploads\/2024\/11\/Hurghada-Turak-400x400.jpg 400w, https:\/\/hurghadavylety.com\/wp-content\/uploads\/2024\/11\/Hurghada-Turak-800x800.jpg 800w, https:\/\/hurghadavylety.com\/wp-content\/uploads\/2024\/11\/Hurghada-Turak-280x280.jpg 280w, https:\/\/hurghadavylety.com\/wp-content\/uploads\/2024\/11\/Hurghada-Turak-768x768.jpg 768w, https:\/\/hurghadavylety.com\/wp-content\/uploads\/2024\/11\/Hurghada-Turak-12x12.jpg 12w, https:\/\/hurghadavylety.com\/wp-content\/uploads\/2024\/11\/Hurghada-Turak-300x300.jpg 300w, https:\/\/hurghadavylety.com\/wp-content\/uploads\/2024\/11\/Hurghada-Turak-600x600.jpg 600w, https:\/\/hurghadavylety.com\/wp-content\/uploads\/2024\/11\/Hurghada-Turak-100x100.jpg 100w, https:\/\/hurghadavylety.com\/wp-content\/uploads\/2024\/11\/Hurghada-Turak.jpg 960w\" sizes=\"(max-width: 400px) 100vw, 400px\" \/>\t\t\t\t\t\t\t\t\t\t\t\t\t<\/div>\n\t\t\t\t\t\t\t\t\t\t\t<div class=\"e-link-in-bio__identity-image e-link-in-bio__identity-image-profile has-style-circle\">\n\t\t\t\t\t\t\t<img loading=\"lazy\" decoding=\"async\" width=\"400\" height=\"400\" src=\"https:\/\/hurghadavylety.com\/wp-content\/uploads\/2024\/11\/4-removebg-preview-400x400.png\" class=\"e-link-in-bio__identity-image-element\" alt=\"\" srcset=\"https:\/\/hurghadavylety.com\/wp-content\/uploads\/2024\/11\/4-removebg-preview-400x400.png 400w, https:\/\/hurghadavylety.com\/wp-content\/uploads\/2024\/11\/4-removebg-preview-280x280.png 280w, https:\/\/hurghadavylety.com\/wp-content\/uploads\/2024\/11\/4-removebg-preview-12x12.png 12w, https:\/\/hurghadavylety.com\/wp-content\/uploads\/2024\/11\/4-removebg-preview-300x300.png 300w, https:\/\/hurghadavylety.com\/wp-content\/uploads\/2024\/11\/4-removebg-preview-100x100.png 100w, https:\/\/hurghadavylety.com\/wp-content\/uploads\/2024\/11\/4-removebg-preview.png 500w\" sizes=\"(max-width: 400px) 100vw, 400px\" \/>\t\t\t\t\t\t\t\t\t\t\t\t\t<\/div>\n\t\t\t\t\t\t\t<\/div>\n\t\t\t\t\t<div class=\"e-link-in-bio__bio\">\n\t\t\t\t<h2 class=\"e-link-in-bio__heading\">Hurghada t\u00far\u00e1k<\/h2>\t\t\t\t\t\t\t\t\t\t\t\t\t\t\t<\/div>\n\t\t\t\t\t<div class=\"e-link-in-bio__icons has-size-small\">\n\t\t\t\t\t\t\t<div class=\"e-link-in-bio__icon is-size-small\">\n\t\t\t\t\t<a href=\"https:\/\/www.facebook.com\/profile.php?id=61568101742748&#038;mibextid=LQQJ4d\" target=\"_blank\" rel=\"noopener \" aria-label=\"Facebook\" class=\"e-link-in-bio__icon-link\">\n\t\t\t\t\t\t<span class=\"e-link-in-bio__icon-svg\">\n\t\t\t\t\t\t\t<svg aria-hidden=\"true\" class=\"e-font-icon-svg e-fab-facebook\" viewbox=\"0 0 512 512\" xmlns=\"http:\/\/www.w3.org\/2000\/svg\"><path d=\"M504 256C504 119 393 8 256 8S8 119 8 256c0 123.78 90.69 226.38 209.25 245V327.69h-63V256h63v-54.64c0-62.15 37-96.48 93.67-96.48 27.14 0 55.52 4.84 55.52 4.84v61h-31.28c-30.8 0-40.41 19.12-40.41 38.73V256h68.78l-11 71.69h-57.78V501C413.31 482.38 504 379.78 504 256z\"><\/path><\/svg>\t\t\t\t\t\t<\/span>\n\t\t\t\t\t\t\t\t\t\t\t\t\t<span class=\"e-link-in-bio__icon-label\">\n\t\t\t\t\t\t\t\tFacebook\t\t\t\t\t\t\t<\/span>\n\t\t\t\t\t\t\t\t\t\t\t<\/a>\n\t\t\t\t<\/div>\n\t\t\t\t\t<\/div>\n\t\t\n\t\t<div class=\"e-link-in-bio__ctas has-type-button\">\n\t\t\t\t\t\t\t<a href=\"https:\/\/www.facebook.com\/profile.php?id=61568101742748&#038;mibextid=LQQJ4d\" target=\"_blank\" rel=\"noopener \" class=\"e-link-in-bio__cta is-type-button has-corners-round\">\n\t\t\t\t\t\t\t\t\t\t<span class=\"e-link-in-bio__cta-text\">\n\t\t\t\t\t\tProfil megtekint\u00e9se\t\t\t\t\t<\/span>\n\t\t\t\t<\/a>\n\t\t\t\t\t<\/div>\n\t\t\t\t\t<div class=\"e-link-in-bio__bio e-link-in-bio__bio--footer\">\n\t\t\t\t\t\t\t\t<p class=\"e-link-in-bio__description\">Felejthetetlen hurghadai t\u00far\u00e1k \u00e9s tev\u00e9kenys\u00e9gek<\/p>\t\t\t<\/div>\n\t\t\t\n\t\t\t<\/div>\n\t\t\t<div class=\"e-link-in-bio__bg\">\n\t\t\t\t<div class=\"e-link-in-bio__bg-overlay\"><\/div>\n\t\t\t<\/div>\n\t\t<\/div>\n\t\t\t\t\t\t<\/div>\n\t\t\t\t<\/div>\n\t\t\t\t\t<\/div>\n\t\t\t\t<\/div>\n\t\t<div class=\"elementor-element elementor-element-5b79171 e-flex e-con-boxed e-con e-parent\" data-id=\"5b79171\" data-element_type=\"container\" data-e-type=\"container\">\n\t\t\t\t\t<div class=\"e-con-inner\">\n\t\t\t\t<div class=\"elementor-element elementor-element-07961ba elementor-button-info elementor-align-center elementor-widget elementor-widget-button\" data-id=\"07961ba\" data-element_type=\"widget\" data-e-type=\"widget\" data-widget_type=\"button.default\">\n\t\t\t\t<div class=\"elementor-widget-container\">\n\t\t\t\t\t\t\t\t\t<div class=\"elementor-button-wrapper\">\n\t\t\t\t\t<a class=\"elementor-button elementor-button-link elementor-size-sm\" href=\"https:\/\/hurghadavylety.com\/hu\/minden-tura\/\">\n\t\t\t\t\t\t<span class=\"elementor-button-content-wrapper\">\n\t\t\t\t\t\t<span class=\"elementor-button-icon\">\n\t\t\t\t<svg aria-hidden=\"true\" class=\"e-font-icon-svg e-far-arrow-alt-circle-left\" viewbox=\"0 0 512 512\" xmlns=\"http:\/\/www.w3.org\/2000\/svg\"><path d=\"M8 256c0 137 111 248 248 248s248-111 248-248S393 8 256 8 8 119 8 256zm448 0c0 110.5-89.5 200-200 200S56 366.5 56 256 145.5 56 256 56s200 89.5 200 200zm-72-20v40c0 6.6-5.4 12-12 12H256v67c0 10.7-12.9 16-20.5 8.5l-99-99c-4.7-4.7-4.7-12.3 0-17l99-99c7.6-7.6 20.5-2.2 20.5 8.5v67h116c6.6 0 12 5.4 12 12z\"><\/path><\/svg>\t\t\t<\/span>\n\t\t\t\t\t\t\t\t\t<span class=\"elementor-button-text\">Vissza<\/span>\n\t\t\t\t\t<\/span>\n\t\t\t\t\t<\/a>\n\t\t\t\t<\/div>\n\t\t\t\t\t\t\t\t<\/div>\n\t\t\t\t<\/div>\n\t\t\t\t\t<\/div>\n\t\t\t\t<\/div>\n\t\t\t\t<\/div>","protected":false},"excerpt":{"rendered":"<p>select your preferred language to view our Facebook profile Hurghada vylety Facebook Prohl\u00e9dnout profil Nezapomenuteln\u00e9 v\u00fdlety a aktivity v Hurghad\u011b wycieczki w hurghada Facebook Wy\u015bwietl profil Niezapomniane wycieczki i atrakcje w Hurghadzie Hurghada t\u00far\u00e1k Facebook Profil megtekint\u00e9se Felejthetetlen hurghadai t\u00far\u00e1k \u00e9s tev\u00e9kenys\u00e9gek Back<\/p>","protected":false},"author":1,"featured_media":0,"parent":0,"menu_order":0,"comment_status":"closed","ping_status":"closed","template":"elementor_header_footer","meta":{"footnotes":""},"class_list":["post-2296","page","type-page","status-publish","hentry"],"_links":{"self":[{"href":"https:\/\/hurghadavylety.com\/hu\/wp-json\/wp\/v2\/pages\/2296","targetHints":{"allow":["GET"]}}],"collection":[{"href":"https:\/\/hurghadavylety.com\/hu\/wp-json\/wp\/v2\/pages"}],"about":[{"href":"https:\/\/hurghadavylety.com\/hu\/wp-json\/wp\/v2\/types\/page"}],"author":[{"embeddable":true,"href":"https:\/\/hurghadavylety.com\/hu\/wp-json\/wp\/v2\/users\/1"}],"replies":[{"embeddable":true,"href":"https:\/\/hurghadavylety.com\/hu\/wp-json\/wp\/v2\/comments?post=2296"}],"version-history":[{"count":22,"href":"https:\/\/hurghadavylety.com\/hu\/wp-json\/wp\/v2\/pages\/2296\/revisions"}],"predecessor-version":[{"id":2443,"href":"https:\/\/hurghadavylety.com\/hu\/wp-json\/wp\/v2\/pages\/2296\/revisions\/2443"}],"wp:attachment":[{"href":"https:\/\/hurghadavylety.com\/hu\/wp-json\/wp\/v2\/media?parent=2296"}],"curies":[{"name":"wp","href":"https:\/\/api.w.org\/{rel}","templated":true}]}}